{"id":4,"date":"2022-05-05T14:40:08","date_gmt":"2022-05-05T14:40:08","guid":{"rendered":"https:\/\/grete-peschken.de\/?page_id=4"},"modified":"2026-01-26T21:56:06","modified_gmt":"2026-01-26T21:56:06","slug":"gutes-aus-gretes-garten","status":"publish","type":"page","link":"https:\/\/grete-peschken.de\/en\/","title":{"rendered":"Welcome to  <strong>Gutes aus Gretes Garten<\/strong>"},"content":{"rendered":"<p class=\"has-text-align-center\">++++++++++++ aktuelles ++++++++++++ 2026 ++++++++++++ aktuelles ++++++++++++<\/p>\n\n\n\n<p class=\"has-text-align-center has-text-color has-background\" style=\"background-color:#a73d3d;color:#f6c6e0\">Wir machen mit beim <strong><span style=\"text-decoration: underline;\">Saatgutfest<\/span><\/strong> in Rostock am <strong><span style=\"text-decoration: underline;\">01. M\u00e4rz<\/span><\/strong> 2026.<br><br>Au\u00dferdem machen wir wieder <strong><span style=\"text-decoration: underline;\">Jungpflanzenm\u00e4rkte<\/span><\/strong>: <br>Am <strong><span style=\"text-decoration: underline;\">03. Mai<\/span><\/strong> im Freilichtmuseum Klockenhagen und am <strong><span style=\"text-decoration: underline;\">09. Mai<\/span><\/strong> 2026 bei uns auf dem Hof.<br><br>mehr Infos findet ihr <a href=\"https:\/\/grete-peschken.de\/en\/aktuelles-und-termine\/\" data-type=\"page\" data-id=\"92\"><mark style=\"background-color:rgba(0, 0, 0, 0);color:#ff3030\" class=\"has-inline-color\">hier<\/mark><\/a><\/p>\n\n\n\n<p class=\"has-text-align-center\">++++++++++++ aktuelles ++++++++++++ 2026 ++++++++++++ aktuelles ++++++++++++<\/p>\n\n\n\n<div class=\"wp-block-image\"><figure class=\"aligncenter size-full\"><img loading=\"lazy\" width=\"1024\" height=\"683\" src=\"https:\/\/grete-peschken.de\/wp-content\/uploads\/2023\/01\/814643d1223d0ba56a2f5dec37371737-xlarge-Kopie.jpg\" alt=\"\" class=\"wp-image-163\" srcset=\"https:\/\/grete-peschken.de\/wp-content\/uploads\/2023\/01\/814643d1223d0ba56a2f5dec37371737-xlarge-Kopie.jpg 1024w, https:\/\/grete-peschken.de\/wp-content\/uploads\/2023\/01\/814643d1223d0ba56a2f5dec37371737-xlarge-Kopie-300x200.jpg 300w, https:\/\/grete-peschken.de\/wp-content\/uploads\/2023\/01\/814643d1223d0ba56a2f5dec37371737-xlarge-Kopie-768x512.jpg 768w, https:\/\/grete-peschken.de\/wp-content\/uploads\/2023\/01\/814643d1223d0ba56a2f5dec37371737-xlarge-Kopie-18x12.jpg 18w, https:\/\/grete-peschken.de\/wp-content\/uploads\/2023\/01\/814643d1223d0ba56a2f5dec37371737-xlarge-Kopie-930x620.jpg 930w\" sizes=\"(max-width: 1024px) 100vw, 1024px\" \/><figcaption>Grete bei der Jungpflanzenanzucht, \u00a9 Krautkopf<\/figcaption><\/figure><\/div>\n\n\n\n<p>In einem kleinen Dorf namens Stierow in Mecklenburg, gut zwei Fahrtstunden von Berlin entfernt, befindet sich mein \u00d6ko-Hof mit Samen- und Gem\u00fcsebau, auf dem ich mit Hund und Pferden lebe.<br><br>Der Erhalt von alten Sorten und eine b\u00e4uerliche und nachhaltige Produktionsweise war mir von Anfang an ein besonderes Anliegen. Saatgut, das sonst in der Genbank liegt, wird auf dem Hof angebaut, genutzt, und ausgelesen \u2013 und dadurch eine Anpassung der Sorten an Klima und Standort erm\u00f6glicht. <\/p>\n\n\n\n<p>Besondere Schwerpunkte liegen bei meiner G\u00e4rtnerei in der Kultivierung von Salatsorten, Bohnen, Erbsen, Tomaten und Getreide (Gersten, Winterweizen). Damit leisten wir einen direkten Beitrag zu Ern\u00e4hrungssicherheit und Artenvielfalt.<\/p>\n\n\n\n<p>The farm functions as a whole, with complementary parts of the farm, which, for example, means that we can manage without buying in fertiliser because animals produce dung and they contribute to farming. In addition, we try to do the work by hand wherever possible.<br><br>Wir beliefern zwei regionale SOLAWI-Gruppen in Rostock und im Rostocker Land. F\u00fcr die Gruppen suchen wir noch neue Mitglieder, also wenn ihr mehr wissen wollt, schaut gerne <a rel=\"noreferrer noopener\" href=\"https:\/\/grete-peschken.de\/en\/solidarische-landwirtschaft-solawi\/\" target=\"_blank\">hier<\/a> vorbei. Auch zu Gastronom*innen in Rostock und Umgebung w\u00fcrden wir gerne Beziehungen aufbauen!<\/p>\n\n\n\n<p>Von 2012 bis 2022 haben wir au\u00dferdem verschiedene SOLAWI-Gruppen in Berlin beliefert, auf M\u00e4rkten in Berlin und Rostock verkauft, sowie die (Sterne)k\u00fcche in Berlin beliefert. So konnte man unser Gem\u00fcse unter anderem bei <a rel=\"noreferrer noopener\" href=\"https:\/\/www.nobelhartundschmutzig.com\/\" target=\"_blank\">Nobelhart &amp; Schmutzig<\/a>, <a rel=\"noreferrer noopener\" href=\"https:\/\/www.lode-stijn.de\/\" target=\"_blank\">Lode&amp;Stijn<\/a>, <a rel=\"noreferrer noopener\" href=\"https:\/\/remi-berlin.de\/\" target=\"_blank\">Remi<\/a>, <a rel=\"noreferrer noopener\" href=\"https:\/\/otto-berlin.net\/\" target=\"_blank\">Otto<\/a>, <a rel=\"noreferrer noopener\" href=\"https:\/\/tuluslotrek.de\/\" target=\"_blank\">Tulus Lotrek<\/a>, <a rel=\"noreferrer noopener\" href=\"https:\/\/mrsrobinsons.de\/\" target=\"_blank\">Mrs. Robinson\u2019s<\/a> and <a rel=\"noreferrer noopener\" href=\"https:\/\/parspralinen.com\/\" target=\"_blank\">Pars Pralinen<\/a> finden.<\/p>\n\n\n\n<div class=\"wp-container-1 wp-block-group alignfull\"><div class=\"wp-block-group__inner-container\">\n<figure class=\"wp-block-gallery alignfull has-nested-images columns-default is-cropped\">\n<figure class=\"wp-block-image size-large\"><img loading=\"lazy\" width=\"1024\" height=\"683\" src=\"http:\/\/grete-peschken.de\/wp-content\/uploads\/2023\/01\/Folientunnel-KK.jpg\" alt=\"\" class=\"wp-image-211\" srcset=\"https:\/\/grete-peschken.de\/wp-content\/uploads\/2023\/01\/Folientunnel-KK.jpg 1024w, https:\/\/grete-peschken.de\/wp-content\/uploads\/2023\/01\/Folientunnel-KK-300x200.jpg 300w, https:\/\/grete-peschken.de\/wp-content\/uploads\/2023\/01\/Folientunnel-KK-768x512.jpg 768w, https:\/\/grete-peschken.de\/wp-content\/uploads\/2023\/01\/Folientunnel-KK-18x12.jpg 18w, https:\/\/grete-peschken.de\/wp-content\/uploads\/2023\/01\/Folientunnel-KK-930x620.jpg 930w\" sizes=\"(max-width: 1024px) 100vw, 1024px\" \/><\/figure>\n\n\n\n<figure class=\"wp-block-image size-large\"><img loading=\"lazy\" width=\"640\" height=\"960\" src=\"http:\/\/grete-peschken.de\/wp-content\/uploads\/2023\/01\/fb242e6a45e059d6b42fafa0d57313b1-large.jpg\" alt=\"\" class=\"wp-image-210\" srcset=\"https:\/\/grete-peschken.de\/wp-content\/uploads\/2023\/01\/fb242e6a45e059d6b42fafa0d57313b1-large.jpg 640w, https:\/\/grete-peschken.de\/wp-content\/uploads\/2023\/01\/fb242e6a45e059d6b42fafa0d57313b1-large-200x300.jpg 200w, https:\/\/grete-peschken.de\/wp-content\/uploads\/2023\/01\/fb242e6a45e059d6b42fafa0d57313b1-large-8x12.jpg 8w\" sizes=\"(max-width: 640px) 100vw, 640px\" \/><\/figure>\n\n\n\n<figure class=\"wp-block-image size-large\"><img loading=\"lazy\" width=\"1024\" height=\"1536\" src=\"http:\/\/grete-peschken.de\/wp-content\/uploads\/2023\/01\/f8134bfd4854804c94c3558c5fe081f3-xlarge.jpg\" alt=\"\" class=\"wp-image-208\" srcset=\"https:\/\/grete-peschken.de\/wp-content\/uploads\/2023\/01\/f8134bfd4854804c94c3558c5fe081f3-xlarge.jpg 1024w, https:\/\/grete-peschken.de\/wp-content\/uploads\/2023\/01\/f8134bfd4854804c94c3558c5fe081f3-xlarge-200x300.jpg 200w, https:\/\/grete-peschken.de\/wp-content\/uploads\/2023\/01\/f8134bfd4854804c94c3558c5fe081f3-xlarge-683x1024.jpg 683w, https:\/\/grete-peschken.de\/wp-content\/uploads\/2023\/01\/f8134bfd4854804c94c3558c5fe081f3-xlarge-768x1152.jpg 768w, https:\/\/grete-peschken.de\/wp-content\/uploads\/2023\/01\/f8134bfd4854804c94c3558c5fe081f3-xlarge-8x12.jpg 8w\" sizes=\"(max-width: 1024px) 100vw, 1024px\" \/><\/figure>\n\n\n\n<figure class=\"wp-block-image size-large\"><img loading=\"lazy\" width=\"1024\" height=\"683\" src=\"http:\/\/grete-peschken.de\/wp-content\/uploads\/2023\/01\/ab9e6d41adc0fcc2d24097fecfb6e3f4-xlarge.jpg\" alt=\"\" class=\"wp-image-199\" srcset=\"https:\/\/grete-peschken.de\/wp-content\/uploads\/2023\/01\/ab9e6d41adc0fcc2d24097fecfb6e3f4-xlarge.jpg 1024w, https:\/\/grete-peschken.de\/wp-content\/uploads\/2023\/01\/ab9e6d41adc0fcc2d24097fecfb6e3f4-xlarge-300x200.jpg 300w, https:\/\/grete-peschken.de\/wp-content\/uploads\/2023\/01\/ab9e6d41adc0fcc2d24097fecfb6e3f4-xlarge-768x512.jpg 768w, https:\/\/grete-peschken.de\/wp-content\/uploads\/2023\/01\/ab9e6d41adc0fcc2d24097fecfb6e3f4-xlarge-18x12.jpg 18w, https:\/\/grete-peschken.de\/wp-content\/uploads\/2023\/01\/ab9e6d41adc0fcc2d24097fecfb6e3f4-xlarge-930x620.jpg 930w\" sizes=\"(max-width: 1024px) 100vw, 1024px\" \/><\/figure>\n\n\n\n<figure class=\"wp-block-image size-large\"><img loading=\"lazy\" width=\"1024\" height=\"683\" src=\"http:\/\/grete-peschken.de\/wp-content\/uploads\/2023\/01\/224009724c13c143789213aeae1a3a73-xlarge.jpg\" alt=\"\" class=\"wp-image-196\" srcset=\"https:\/\/grete-peschken.de\/wp-content\/uploads\/2023\/01\/224009724c13c143789213aeae1a3a73-xlarge.jpg 1024w, https:\/\/grete-peschken.de\/wp-content\/uploads\/2023\/01\/224009724c13c143789213aeae1a3a73-xlarge-300x200.jpg 300w, https:\/\/grete-peschken.de\/wp-content\/uploads\/2023\/01\/224009724c13c143789213aeae1a3a73-xlarge-768x512.jpg 768w, https:\/\/grete-peschken.de\/wp-content\/uploads\/2023\/01\/224009724c13c143789213aeae1a3a73-xlarge-18x12.jpg 18w, https:\/\/grete-peschken.de\/wp-content\/uploads\/2023\/01\/224009724c13c143789213aeae1a3a73-xlarge-930x620.jpg 930w\" sizes=\"(max-width: 1024px) 100vw, 1024px\" \/><\/figure>\n\n\n\n<figure class=\"wp-block-image size-large\"><img loading=\"lazy\" width=\"1024\" height=\"683\" src=\"http:\/\/grete-peschken.de\/wp-content\/uploads\/2023\/01\/807ba71398971eaa9fec9df7f25e7d9a-xlarge.jpg\" alt=\"\" class=\"wp-image-190\" srcset=\"https:\/\/grete-peschken.de\/wp-content\/uploads\/2023\/01\/807ba71398971eaa9fec9df7f25e7d9a-xlarge.jpg 1024w, https:\/\/grete-peschken.de\/wp-content\/uploads\/2023\/01\/807ba71398971eaa9fec9df7f25e7d9a-xlarge-300x200.jpg 300w, https:\/\/grete-peschken.de\/wp-content\/uploads\/2023\/01\/807ba71398971eaa9fec9df7f25e7d9a-xlarge-768x512.jpg 768w, https:\/\/grete-peschken.de\/wp-content\/uploads\/2023\/01\/807ba71398971eaa9fec9df7f25e7d9a-xlarge-18x12.jpg 18w, https:\/\/grete-peschken.de\/wp-content\/uploads\/2023\/01\/807ba71398971eaa9fec9df7f25e7d9a-xlarge-930x620.jpg 930w\" sizes=\"(max-width: 1024px) 100vw, 1024px\" \/><\/figure>\n\n\n\n<figure class=\"wp-block-image size-large\"><img loading=\"lazy\" width=\"1024\" height=\"683\" src=\"http:\/\/grete-peschken.de\/wp-content\/uploads\/2023\/01\/636d91ea0475400d1e006c69a2d6fa3e-xlarge.jpg\" alt=\"\" class=\"wp-image-186\" srcset=\"https:\/\/grete-peschken.de\/wp-content\/uploads\/2023\/01\/636d91ea0475400d1e006c69a2d6fa3e-xlarge.jpg 1024w, https:\/\/grete-peschken.de\/wp-content\/uploads\/2023\/01\/636d91ea0475400d1e006c69a2d6fa3e-xlarge-300x200.jpg 300w, https:\/\/grete-peschken.de\/wp-content\/uploads\/2023\/01\/636d91ea0475400d1e006c69a2d6fa3e-xlarge-768x512.jpg 768w, https:\/\/grete-peschken.de\/wp-content\/uploads\/2023\/01\/636d91ea0475400d1e006c69a2d6fa3e-xlarge-18x12.jpg 18w, https:\/\/grete-peschken.de\/wp-content\/uploads\/2023\/01\/636d91ea0475400d1e006c69a2d6fa3e-xlarge-930x620.jpg 930w\" sizes=\"(max-width: 1024px) 100vw, 1024px\" \/><\/figure>\n\n\n\n<figure class=\"wp-block-image size-large\"><img loading=\"lazy\" width=\"1024\" height=\"683\" src=\"http:\/\/grete-peschken.de\/wp-content\/uploads\/2023\/01\/5cae13536c7b526ed89d0448e025bb08-xxlarge-1-1024x683.jpg\" alt=\"\" class=\"wp-image-174\" srcset=\"https:\/\/grete-peschken.de\/wp-content\/uploads\/2023\/01\/5cae13536c7b526ed89d0448e025bb08-xxlarge-1-1024x683.jpg 1024w, https:\/\/grete-peschken.de\/wp-content\/uploads\/2023\/01\/5cae13536c7b526ed89d0448e025bb08-xxlarge-1-300x200.jpg 300w, https:\/\/grete-peschken.de\/wp-content\/uploads\/2023\/01\/5cae13536c7b526ed89d0448e025bb08-xxlarge-1-768x512.jpg 768w, https:\/\/grete-peschken.de\/wp-content\/uploads\/2023\/01\/5cae13536c7b526ed89d0448e025bb08-xxlarge-1-1536x1024.jpg 1536w, https:\/\/grete-peschken.de\/wp-content\/uploads\/2023\/01\/5cae13536c7b526ed89d0448e025bb08-xxlarge-1-18x12.jpg 18w, https:\/\/grete-peschken.de\/wp-content\/uploads\/2023\/01\/5cae13536c7b526ed89d0448e025bb08-xxlarge-1-930x620.jpg 930w, https:\/\/grete-peschken.de\/wp-content\/uploads\/2023\/01\/5cae13536c7b526ed89d0448e025bb08-xxlarge-1.jpg 1600w\" sizes=\"(max-width: 1024px) 100vw, 1024px\" \/><\/figure>\n\n\n\n<figure class=\"wp-block-image size-large\"><img loading=\"lazy\" width=\"1024\" height=\"683\" src=\"http:\/\/grete-peschken.de\/wp-content\/uploads\/2023\/01\/6d46508266f3edf907b4768b2b165ab2-xlarge.jpg\" alt=\"\" class=\"wp-image-177\" srcset=\"https:\/\/grete-peschken.de\/wp-content\/uploads\/2023\/01\/6d46508266f3edf907b4768b2b165ab2-xlarge.jpg 1024w, https:\/\/grete-peschken.de\/wp-content\/uploads\/2023\/01\/6d46508266f3edf907b4768b2b165ab2-xlarge-300x200.jpg 300w, https:\/\/grete-peschken.de\/wp-content\/uploads\/2023\/01\/6d46508266f3edf907b4768b2b165ab2-xlarge-768x512.jpg 768w, https:\/\/grete-peschken.de\/wp-content\/uploads\/2023\/01\/6d46508266f3edf907b4768b2b165ab2-xlarge-18x12.jpg 18w, https:\/\/grete-peschken.de\/wp-content\/uploads\/2023\/01\/6d46508266f3edf907b4768b2b165ab2-xlarge-930x620.jpg 930w\" sizes=\"(max-width: 1024px) 100vw, 1024px\" \/><\/figure>\n\n\n\n<figure class=\"wp-block-image size-large\"><img loading=\"lazy\" width=\"1024\" height=\"683\" src=\"http:\/\/grete-peschken.de\/wp-content\/uploads\/2023\/01\/3a271642b2cf115a65617e1eb37e458f-xlarge.jpg\" alt=\"\" class=\"wp-image-171\" srcset=\"https:\/\/grete-peschken.de\/wp-content\/uploads\/2023\/01\/3a271642b2cf115a65617e1eb37e458f-xlarge.jpg 1024w, https:\/\/grete-peschken.de\/wp-content\/uploads\/2023\/01\/3a271642b2cf115a65617e1eb37e458f-xlarge-300x200.jpg 300w, https:\/\/grete-peschken.de\/wp-content\/uploads\/2023\/01\/3a271642b2cf115a65617e1eb37e458f-xlarge-768x512.jpg 768w, https:\/\/grete-peschken.de\/wp-content\/uploads\/2023\/01\/3a271642b2cf115a65617e1eb37e458f-xlarge-18x12.jpg 18w, https:\/\/grete-peschken.de\/wp-content\/uploads\/2023\/01\/3a271642b2cf115a65617e1eb37e458f-xlarge-930x620.jpg 930w\" sizes=\"(max-width: 1024px) 100vw, 1024px\" \/><\/figure>\n\n\n\n<figure class=\"wp-block-image size-large\"><img loading=\"lazy\" width=\"1024\" height=\"683\" src=\"http:\/\/grete-peschken.de\/wp-content\/uploads\/2023\/01\/5d601ada98fd3c800c393bd60b98ea66-xlarge.jpg\" alt=\"\" class=\"wp-image-175\" srcset=\"https:\/\/grete-peschken.de\/wp-content\/uploads\/2023\/01\/5d601ada98fd3c800c393bd60b98ea66-xlarge.jpg 1024w, https:\/\/grete-peschken.de\/wp-content\/uploads\/2023\/01\/5d601ada98fd3c800c393bd60b98ea66-xlarge-300x200.jpg 300w, https:\/\/grete-peschken.de\/wp-content\/uploads\/2023\/01\/5d601ada98fd3c800c393bd60b98ea66-xlarge-768x512.jpg 768w, https:\/\/grete-peschken.de\/wp-content\/uploads\/2023\/01\/5d601ada98fd3c800c393bd60b98ea66-xlarge-18x12.jpg 18w, https:\/\/grete-peschken.de\/wp-content\/uploads\/2023\/01\/5d601ada98fd3c800c393bd60b98ea66-xlarge-930x620.jpg 930w\" sizes=\"(max-width: 1024px) 100vw, 1024px\" \/><\/figure>\n<\/figure>\n<\/div><\/div>","protected":false},"excerpt":{"rendered":"<p>++++++++++++ aktuelles ++++++++++++ 2026 ++++++++++++ aktuelles ++++++++++++ Wir machen mit beim Saatgutfest in Rostock am 01. M\u00e4rz 2026. Au\u00dferdem machen wir wieder Jungpflanzenm\u00e4rkte: Am 03. Mai im Freilichtmuseum Klockenhagen und am 09. Mai 2026 bei uns auf dem Hof. mehr Infos findet ihr hier ++++++++++++ aktuelles ++++++++++++ 2026 ++++++++++++ aktuelles ++++++++++++ In einem kleinen Dorf&hellip;&nbsp;<a href=\"https:\/\/grete-peschken.de\/en\/\" class=\"\" rel=\"bookmark\">Read More &raquo;<span class=\"screen-reader-text\">Welcome to  <strong>Gutes aus Gretes Garten<\/strong><\/span><\/a><\/p>","protected":false},"author":1,"featured_media":180,"parent":0,"menu_order":0,"comment_status":"closed","ping_status":"closed","template":"","meta":{"neve_meta_sidebar":"","neve_meta_container":"","neve_meta_enable_content_width":"","neve_meta_content_width":0,"neve_meta_title_alignment":"","neve_meta_author_avatar":"","neve_post_elements_order":"","neve_meta_disable_header":"","neve_meta_disable_footer":"","neve_meta_disable_title":"","_ti_tpc_template_sync":false,"_ti_tpc_template_id":""},"_links":{"self":[{"href":"https:\/\/grete-peschken.de\/en\/wp-json\/wp\/v2\/pages\/4"}],"collection":[{"href":"https:\/\/grete-peschken.de\/en\/wp-json\/wp\/v2\/pages"}],"about":[{"href":"https:\/\/grete-peschken.de\/en\/wp-json\/wp\/v2\/types\/page"}],"author":[{"embeddable":true,"href":"https:\/\/grete-peschken.de\/en\/wp-json\/wp\/v2\/users\/1"}],"replies":[{"embeddable":true,"href":"https:\/\/grete-peschken.de\/en\/wp-json\/wp\/v2\/comments?post=4"}],"version-history":[{"count":35,"href":"https:\/\/grete-peschken.de\/en\/wp-json\/wp\/v2\/pages\/4\/revisions"}],"predecessor-version":[{"id":298,"href":"https:\/\/grete-peschken.de\/en\/wp-json\/wp\/v2\/pages\/4\/revisions\/298"}],"wp:featuredmedia":[{"embeddable":true,"href":"https:\/\/grete-peschken.de\/en\/wp-json\/wp\/v2\/media\/180"}],"wp:attachment":[{"href":"https:\/\/grete-peschken.de\/en\/wp-json\/wp\/v2\/media?parent=4"}],"curies":[{"name":"wp","href":"https:\/\/api.w.org\/{rel}","templated":true}]}}